{"id":132,"date":"2026-01-16T13:01:28","date_gmt":"2026-01-16T13:01:28","guid":{"rendered":"https:\/\/orff-musik.de\/?page_id=132"},"modified":"2026-02-04T20:44:16","modified_gmt":"2026-02-04T20:44:16","slug":"datenschutzerklarung","status":"publish","type":"page","link":"https:\/\/orff-musik.de\/index.php\/datenschutzerklarung\/","title":{"rendered":"Datenschutzerkl\u00e4rung"},"content":{"rendered":"\t\t<div data-elementor-type=\"wp-page\" data-elementor-id=\"132\" class=\"elementor elementor-132\" data-elementor-post-type=\"page\">\n\t\t\t\t<div class=\"elementor-element elementor-element-0ead7e4 e-flex e-con-boxed e-con e-parent\" data-id=\"0ead7e4\" data-element_type=\"container\" data-e-type=\"container\">\n\t\t\t\t\t<div class=\"e-con-inner\">\n\t\t\t\t<div class=\"elementor-element elementor-element-349ac2a elementor-widget elementor-widget-image\" data-id=\"349ac2a\" data-element_type=\"widget\" data-e-type=\"widget\" data-widget_type=\"image.default\">\n\t\t\t\t\t\t\t\t\t\t\t\t\t\t\t<img fetchpriority=\"high\" decoding=\"async\" width=\"500\" height=\"500\" src=\"https:\/\/orff-musik.de\/wp-content\/uploads\/2026\/01\/logo-GramSam.png\" class=\"attachment-large size-large wp-image-121\" alt=\"\" srcset=\"https:\/\/orff-musik.de\/wp-content\/uploads\/2026\/01\/logo-GramSam.png 500w, https:\/\/orff-musik.de\/wp-content\/uploads\/2026\/01\/logo-GramSam-300x300.png 300w, https:\/\/orff-musik.de\/wp-content\/uploads\/2026\/01\/logo-GramSam-100x100.png 100w, https:\/\/orff-musik.de\/wp-content\/uploads\/2026\/01\/logo-GramSam-150x150.png 150w\" sizes=\"(max-width: 500px) 100vw, 500px\" \/>\t\t\t\t\t\t\t\t\t\t\t\t\t\t\t<\/div>\n\t\t\t\t\t<\/div>\n\t\t\t\t<\/div>\n\t\t<div class=\"elementor-element elementor-element-4f865e7 e-flex e-con-boxed e-con e-parent\" data-id=\"4f865e7\" data-element_type=\"container\" data-e-type=\"container\">\n\t\t\t\t\t<div class=\"e-con-inner\">\n\t\t\t\t<div class=\"elementor-element elementor-element-6947124 elementor-widget elementor-widget-heading\" data-id=\"6947124\" data-element_type=\"widget\" data-e-type=\"widget\" data-widget_type=\"heading.default\">\n\t\t\t\t\t<h2 class=\"elementor-heading-title elementor-size-default\">Datenschutzerkl\u00e4rung<\/h2>\t\t\t\t<\/div>\n\t\t\t\t\t<\/div>\n\t\t\t\t<\/div>\n\t\t<div class=\"elementor-element elementor-element-6a461f3 e-flex e-con-boxed e-con e-parent\" data-id=\"6a461f3\" data-element_type=\"container\" data-e-type=\"container\">\n\t\t\t\t\t<div class=\"e-con-inner\">\n\t\t\t\t<div class=\"elementor-element elementor-element-09784d1 elementor-widget elementor-widget-text-editor\" data-id=\"09784d1\" data-element_type=\"widget\" data-e-type=\"widget\" data-widget_type=\"text-editor.default\">\n\t\t\t\t\t\t\t\t\t<p>Wir nehmen den Schutz Ihrer pers\u00f6nlichen Daten sehr ernst. Personenbezogene Daten werden auf dieser Website ausschlie\u00dflich im technisch notwendigen Umfang sowie zur Abwicklung von Bestellungen verarbeitet.<\/p><p>Die Verarbeitung erfolgt gem\u00e4\u00df der Datenschutz-Grundverordnung (DSGVO).<\/p><p>Erhobene Daten<\/p><p>Im Rahmen einer Bestellung k\u00f6nnen folgende personenbezogene Daten erhoben werden:<\/p><p>Vor- und Nachname<\/p><p>Adresse<\/p><p>E-Mail-Adresse<\/p><p>Zahlungsinformationen<\/p><p>IP-Adresse (technisch bedingt)<\/p><p>Diese Daten werden ausschlie\u00dflich zur Vertragsabwicklung, zur Bearbeitung von Anfragen sowie zur Erf\u00fcllung gesetzlicher Pflichten verwendet.<\/p><p>Weitergabe an Dritte<\/p><p>Eine Weitergabe Ihrer Daten erfolgt nur, soweit dies zur Vertragsabwicklung erforderlich ist (z.B. Zahlungsdienstleister) oder wir gesetzlich dazu verpflichtet sind.<\/p><p>Speicherdauer<\/p><p>Personenbezogene Daten werden nur so lange gespeichert, wie dies zur Erf\u00fcllung des Vertrags oder aufgrund gesetzlicher Aufbewahrungspflichten erforderlich ist.<\/p><p>Ihre Rechte<\/p><p>Sie haben jederzeit das Recht auf:<\/p><p>Auskunft \u00fcber Ihre gespeicherten Daten<\/p><p>Berichtigung unrichtiger Daten<\/p><p>L\u00f6schung Ihrer Daten, soweit keine gesetzliche Aufbewahrungspflicht besteht<\/p><p>Einschr\u00e4nkung der Verarbeitung<\/p><p>Widerspruch gegen die Verarbeitung<\/p><p>Kontakt<\/p><p>Bei Fragen zum Datenschutz wenden Sie sich bitte an:<\/p><p>kontakt@orff-musik.de<\/p>\t\t\t\t\t\t\t\t<\/div>\n\t\t\t\t\t<\/div>\n\t\t\t\t<\/div>\n\t\t\t\t<\/div>\n\t\t","protected":false},"excerpt":{"rendered":"<p>Datenschutzerkl\u00e4rung Wir nehmen den Schutz Ihrer pers\u00f6nlichen Daten sehr ernst. Personenbezogene Daten werden auf dieser Website ausschlie\u00dflich im technisch notwendigen Umfang sowie zur Abwicklung von Bestellungen verarbeitet. Die Verarbeitung erfolgt gem\u00e4\u00df der Datenschutz-Grundverordnung (DSGVO). Erhobene Daten Im Rahmen einer Bestellung k\u00f6nnen folgende personenbezogene Daten erhoben werden: Vor- und Nachname Adresse E-Mail-Adresse Zahlungsinformationen IP-Adresse (technisch bedingt) [&hellip;]<\/p>\n","protected":false},"author":1,"featured_media":0,"parent":0,"menu_order":0,"comment_status":"closed","ping_status":"closed","template":"","meta":{"footnotes":""},"class_list":["post-132","page","type-page","status-publish","hentry"],"_links":{"self":[{"href":"https:\/\/orff-musik.de\/index.php\/wp-json\/wp\/v2\/pages\/132","targetHints":{"allow":["GET"]}}],"collection":[{"href":"https:\/\/orff-musik.de\/index.php\/wp-json\/wp\/v2\/pages"}],"about":[{"href":"https:\/\/orff-musik.de\/index.php\/wp-json\/wp\/v2\/types\/page"}],"author":[{"embeddable":true,"href":"https:\/\/orff-musik.de\/index.php\/wp-json\/wp\/v2\/users\/1"}],"replies":[{"embeddable":true,"href":"https:\/\/orff-musik.de\/index.php\/wp-json\/wp\/v2\/comments?post=132"}],"version-history":[{"count":12,"href":"https:\/\/orff-musik.de\/index.php\/wp-json\/wp\/v2\/pages\/132\/revisions"}],"predecessor-version":[{"id":205,"href":"https:\/\/orff-musik.de\/index.php\/wp-json\/wp\/v2\/pages\/132\/revisions\/205"}],"wp:attachment":[{"href":"https:\/\/orff-musik.de\/index.php\/wp-json\/wp\/v2\/media?parent=132"}],"curies":[{"name":"wp","href":"https:\/\/api.w.org\/{rel}","templated":true}]}}