{"id":178,"date":"2026-02-04T20:29:29","date_gmt":"2026-02-04T20:29:29","guid":{"rendered":"https:\/\/orff-musik.de\/?page_id=178"},"modified":"2026-02-04T20:42:04","modified_gmt":"2026-02-04T20:42:04","slug":"widerrufsbelehrung","status":"publish","type":"page","link":"https:\/\/orff-musik.de\/index.php\/widerrufsbelehrung\/","title":{"rendered":"Widerrufsbelehrung"},"content":{"rendered":"\t\t<div data-elementor-type=\"wp-page\" data-elementor-id=\"178\" class=\"elementor elementor-178\" data-elementor-post-type=\"page\">\n\t\t\t\t<div class=\"elementor-element elementor-element-0248dad e-flex e-con-boxed e-con e-parent\" data-id=\"0248dad\" data-element_type=\"container\" data-e-type=\"container\">\n\t\t\t\t\t<div class=\"e-con-inner\">\n\t\t\t\t<div class=\"elementor-element elementor-element-908865a elementor-widget elementor-widget-image\" data-id=\"908865a\" data-element_type=\"widget\" data-e-type=\"widget\" data-widget_type=\"image.default\">\n\t\t\t\t\t\t\t\t\t\t\t\t\t\t\t<img fetchpriority=\"high\" decoding=\"async\" width=\"500\" height=\"500\" src=\"https:\/\/orff-musik.de\/wp-content\/uploads\/2026\/01\/logo-GramSam.png\" class=\"attachment-large size-large wp-image-121\" alt=\"\" srcset=\"https:\/\/orff-musik.de\/wp-content\/uploads\/2026\/01\/logo-GramSam.png 500w, https:\/\/orff-musik.de\/wp-content\/uploads\/2026\/01\/logo-GramSam-300x300.png 300w, https:\/\/orff-musik.de\/wp-content\/uploads\/2026\/01\/logo-GramSam-100x100.png 100w, https:\/\/orff-musik.de\/wp-content\/uploads\/2026\/01\/logo-GramSam-150x150.png 150w\" sizes=\"(max-width: 500px) 100vw, 500px\" \/>\t\t\t\t\t\t\t\t\t\t\t\t\t\t\t<\/div>\n\t\t\t\t\t<\/div>\n\t\t\t\t<\/div>\n\t\t<div class=\"elementor-element elementor-element-6bf8793 e-flex e-con-boxed e-con e-parent\" data-id=\"6bf8793\" data-element_type=\"container\" data-e-type=\"container\">\n\t\t\t\t\t<div class=\"e-con-inner\">\n\t\t\t\t<div class=\"elementor-element elementor-element-008e774 elementor-widget elementor-widget-heading\" data-id=\"008e774\" data-element_type=\"widget\" data-e-type=\"widget\" data-widget_type=\"heading.default\">\n\t\t\t\t\t<h2 class=\"elementor-heading-title elementor-size-default\">Widerrufsbelehrung<\/h2>\t\t\t\t<\/div>\n\t\t\t\t\t<\/div>\n\t\t\t\t<\/div>\n\t\t<div class=\"elementor-element elementor-element-c30d6b7 e-flex e-con-boxed e-con e-parent\" data-id=\"c30d6b7\" data-element_type=\"container\" data-e-type=\"container\">\n\t\t\t\t\t<div class=\"e-con-inner\">\n\t\t\t\t<div class=\"elementor-element elementor-element-ed5dcc1 elementor-widget elementor-widget-text-editor\" data-id=\"ed5dcc1\" data-element_type=\"widget\" data-e-type=\"widget\" data-widget_type=\"text-editor.default\">\n\t\t\t\t\t\t\t\t\t<p data-start=\"682\" data-end=\"786\">Verbraucher haben das Recht, binnen vierzehn Tagen ohne Angabe von Gr\u00fcnden diesen Vertrag zu widerrufen.<\/p><p data-start=\"788\" data-end=\"864\">Die Widerrufsfrist betr\u00e4gt vierzehn Tage ab dem Tag des Vertragsabschlusses.<\/p><p data-start=\"866\" data-end=\"1068\">Um Ihr Widerrufsrecht auszu\u00fcben, m\u00fcssen Sie uns<br data-start=\"913\" data-end=\"916\" \/>Mrozik-Art Jonasz Mrozik<br \/>Wrze\u015bcie 97A<br \/>76-200 S\u0142upsk<\/p><p data-start=\"866\" data-end=\"1068\">USt-IdNr.:PL5611566609<\/p><p data-start=\"866\" data-end=\"1068\">E-mail: kontakt@orff-musik.de<\/p><p data-start=\"866\" data-end=\"1068\">mittels einer eindeutigen Erkl\u00e4rung (z.B. E-Mail) \u00fcber Ihren Entschluss, diesen Vertrag zu widerrufen, informieren.<\/p><p data-start=\"1070\" data-end=\"1355\">Folgen des Widerrufs:<br data-start=\"1091\" data-end=\"1094\" \/>Wenn Sie diesen Vertrag widerrufen, haben wir Ihnen alle Zahlungen, die wir von Ihnen erhalten haben, unverz\u00fcglich und sp\u00e4testens binnen vierzehn Tagen ab dem Tag zur\u00fcckzuzahlen, an dem die Mitteilung \u00fcber Ihren Widerruf dieses Vertrags bei uns eingegangen ist.<\/p>\t\t\t\t\t\t\t\t<\/div>\n\t\t\t\t\t<\/div>\n\t\t\t\t<\/div>\n\t\t\t\t<\/div>\n\t\t","protected":false},"excerpt":{"rendered":"<p>Widerrufsbelehrung Verbraucher haben das Recht, binnen vierzehn Tagen ohne Angabe von Gr\u00fcnden diesen Vertrag zu widerrufen. Die Widerrufsfrist betr\u00e4gt vierzehn Tage ab dem Tag des Vertragsabschlusses. Um Ihr Widerrufsrecht auszu\u00fcben, m\u00fcssen Sie unsMrozik-Art Jonasz MrozikWrze\u015bcie 97A76-200 S\u0142upsk USt-IdNr.:PL5611566609 E-mail: kontakt@orff-musik.de mittels einer eindeutigen Erkl\u00e4rung (z.B. E-Mail) \u00fcber Ihren Entschluss, diesen Vertrag zu widerrufen, informieren. Folgen [&hellip;]<\/p>\n","protected":false},"author":1,"featured_media":0,"parent":0,"menu_order":0,"comment_status":"closed","ping_status":"closed","template":"","meta":{"footnotes":""},"class_list":["post-178","page","type-page","status-publish","hentry"],"_links":{"self":[{"href":"https:\/\/orff-musik.de\/index.php\/wp-json\/wp\/v2\/pages\/178","targetHints":{"allow":["GET"]}}],"collection":[{"href":"https:\/\/orff-musik.de\/index.php\/wp-json\/wp\/v2\/pages"}],"about":[{"href":"https:\/\/orff-musik.de\/index.php\/wp-json\/wp\/v2\/types\/page"}],"author":[{"embeddable":true,"href":"https:\/\/orff-musik.de\/index.php\/wp-json\/wp\/v2\/users\/1"}],"replies":[{"embeddable":true,"href":"https:\/\/orff-musik.de\/index.php\/wp-json\/wp\/v2\/comments?post=178"}],"version-history":[{"count":10,"href":"https:\/\/orff-musik.de\/index.php\/wp-json\/wp\/v2\/pages\/178\/revisions"}],"predecessor-version":[{"id":201,"href":"https:\/\/orff-musik.de\/index.php\/wp-json\/wp\/v2\/pages\/178\/revisions\/201"}],"wp:attachment":[{"href":"https:\/\/orff-musik.de\/index.php\/wp-json\/wp\/v2\/media?parent=178"}],"curies":[{"name":"wp","href":"https:\/\/api.w.org\/{rel}","templated":true}]}}